{"id":2,"date":"2016-05-10T03:48:21","date_gmt":"2016-05-10T03:48:21","guid":{"rendered":"http:\/\/immobilienbewertung-dueben.de\/?page_id=2"},"modified":"2021-08-30T17:10:37","modified_gmt":"2021-08-30T17:10:37","slug":"sample-page","status":"publish","type":"page","link":"https:\/\/immobilienbewertung-dueben.de\/","title":{"rendered":""},"content":{"rendered":"<p>Als Fachmann f\u00fcr die Wertermittlung von Immobilien stehe ich Ihnen bei Fragen rund um das Thema Immobilien gern zur Verf\u00fcgung. Ob bei Kauf, Verkauf, im Erb- oder Scheidungsfall die Anl\u00e4sse einer Immobilienbewertung sind vielf\u00e4ltig.<\/p>\n<p>&nbsp;<\/p>\n<p><img loading=\"lazy\" decoding=\"async\" class=\"alignnone size-full wp-image-78\" src=\"http:\/\/immobilienbewertung-dueben.de\/wp-content\/uploads\/2018\/09\/Startseite.png\" alt=\"\" width=\"1200\" height=\"480\" srcset=\"https:\/\/immobilienbewertung-dueben.de\/wp-content\/uploads\/2018\/09\/Startseite.png 1200w, https:\/\/immobilienbewertung-dueben.de\/wp-content\/uploads\/2018\/09\/Startseite-300x120.png 300w, https:\/\/immobilienbewertung-dueben.de\/wp-content\/uploads\/2018\/09\/Startseite-768x307.png 768w, https:\/\/immobilienbewertung-dueben.de\/wp-content\/uploads\/2018\/09\/Startseite-1024x410.png 1024w\" sizes=\"auto, (max-width: 1200px) 100vw, 1200px\" \/><\/p>\n<h4><\/h4>\n<h4>Bewertung von:<\/h4>\n<h5>Wohnimmobilien<\/h5>\n<p>Ein- und Zweifamilienh\u00e4user<br \/>\nDoppel- und Reihenh\u00e4user<br \/>\nEigentumswohnungen<br \/>\nMehrfamilienh\u00e4user<br \/>\nWohnbl\u00f6cke<br \/>\nHochh\u00e4user<br \/>\nund weitere Wohnimmobilien<\/p>\n<h5>Gewerbeimmobilien<\/h5>\n<p>B\u00fcros<br \/>\nHandel- und Dienstleistungsfl\u00e4chen<br \/>\nProduktionsfl\u00e4chen und Werkst\u00e4tten<br \/>\nLogistik- und Hallenfl\u00e4chen<br \/>\nund weitere Gewerbeimmobilien<\/p>\n<h5>Sonderimmobilien<\/h5>\n<p>Schulen<br \/>\nHotels<br \/>\nAlters- und Seniorenwohnheime<br \/>\nGastronomiebetriebe<br \/>\nEinkaufszentren<br \/>\nFreizeit- und Sporteinrichtungen<br \/>\nFerienobjekte<br \/>\nund weitere Sonderimmobilien<\/p>\n<h5>Unbebaute Grundst\u00fccke<\/h5>\n<p>Fl\u00e4chen im Au\u00dfenbereich<br \/>\nAcker- und Gr\u00fcnland<br \/>\nSeen<br \/>\nBauerwartungsland<br \/>\nRohbauland<br \/>\nBaureifes Land<br \/>\nund weitere unbebaute Grundst\u00fccke<\/p>\n<h5>Mietwertgutachten<\/h5>\n<p>in:<\/p>\n<h6>Halle, Leipzig, Jena, Dessau-Ro\u00dflau, Landkreis Mansfeld-S\u00fcdharz, Saalekreis, Burgenlandkreis, Anhalt-Bitterfeld, Salzlandkreis, Nordsachsen, Nordhausen, S\u00f6mmerda, Weimar, Weimarer Land, Saale-Holzland-Kreis, Gera, Greiz und Altenburger Land<\/h6>\n","protected":false},"excerpt":{"rendered":"<p>Als Fachmann f\u00fcr die Wertermittlung von Immobilien stehe ich Ihnen bei Fragen rund um das Thema Immobilien gern zur Verf\u00fcgung. Ob bei Kauf, Verkauf, im Erb- oder Scheidungsfall die Anl\u00e4sse einer Immobilienbewertung sind vielf\u00e4ltig. &nbsp; Bewertung von: Wohnimmobilien Ein- und Zweifamilienh\u00e4user Doppel- und Reihenh\u00e4user Eigentumswohnungen Mehrfamilienh\u00e4user Wohnbl\u00f6cke Hochh\u00e4user und weitere Wohnimmobilien Gewerbeimmobilien B\u00fcros Handel- und [&hellip;]<\/p>\n","protected":false},"author":1,"featured_media":0,"parent":0,"menu_order":0,"comment_status":"closed","ping_status":"open","template":"","meta":{"footnotes":""},"class_list":["post-2","page","type-page","status-publish","hentry"],"aioseo_notices":[],"_links":{"self":[{"href":"https:\/\/immobilienbewertung-dueben.de\/index.php?rest_route=\/wp\/v2\/pages\/2","targetHints":{"allow":["GET"]}}],"collection":[{"href":"https:\/\/immobilienbewertung-dueben.de\/index.php?rest_route=\/wp\/v2\/pages"}],"about":[{"href":"https:\/\/immobilienbewertung-dueben.de\/index.php?rest_route=\/wp\/v2\/types\/page"}],"author":[{"embeddable":true,"href":"https:\/\/immobilienbewertung-dueben.de\/index.php?rest_route=\/wp\/v2\/users\/1"}],"replies":[{"embeddable":true,"href":"https:\/\/immobilienbewertung-dueben.de\/index.php?rest_route=%2Fwp%2Fv2%2Fcomments&post=2"}],"version-history":[{"count":14,"href":"https:\/\/immobilienbewertung-dueben.de\/index.php?rest_route=\/wp\/v2\/pages\/2\/revisions"}],"predecessor-version":[{"id":173,"href":"https:\/\/immobilienbewertung-dueben.de\/index.php?rest_route=\/wp\/v2\/pages\/2\/revisions\/173"}],"wp:attachment":[{"href":"https:\/\/immobilienbewertung-dueben.de\/index.php?rest_route=%2Fwp%2Fv2%2Fmedia&parent=2"}],"curies":[{"name":"wp","href":"https:\/\/api.w.org\/{rel}","templated":true}]}}