{"id":80,"date":"2018-09-25T08:06:52","date_gmt":"2018-09-25T08:06:52","guid":{"rendered":"http:\/\/immobilienbewertung-dueben.de\/?page_id=80"},"modified":"2018-10-02T13:50:34","modified_gmt":"2018-10-02T13:50:34","slug":"leistungen","status":"publish","type":"page","link":"https:\/\/immobilienbewertung-dueben.de\/?page_id=80","title":{"rendered":"Leistungen"},"content":{"rendered":"<h3><em>Ob Immobilienkauf, Verkauf, Erbschaftssteuer, Scheidung oder f\u00fcr Bilanzierungszwecke \u2013 Bei uns erhalten Sie Verkehrswertgutachten nach gesetzlichen Vorgaben und anerkannten Grunds\u00e4tzen.<\/em><\/h3>\n<h4><strong>Verkehrswertgutachten bei Kauf einer Immobilie<\/strong><\/h4>\n<p>Mit einem von uns erstellten Verkehrswertgutachten k\u00f6nnen Sie feststellen, ob der angebotene Kaufpreis der Immobilie angemessen ist und welche Sanierungsma\u00dfnahmen in naher Zukunft auf Sie zukommen. So k\u00f6nnen Sie sich beim Kauf einer Immobilie viel Geld und \u00c4rger ersparen. Auch hinsichtlich der Kaufpreisverhandlung und einer anstehenden Finanzierung haben Sie mit unserem Verkehrswertgutachten eine sachliche Grundlage.<\/p>\n<h4><strong>Verkehrswertgutachten bei Verkauf einer Immobilie<\/strong><\/h4>\n<p>Sie haben sich entschlossen, Ihre Immobilie zu verkaufen? Dann sollten Sie Ihre Immobilie durch uns bewerten lassen. Wir ermitteln Ihnen den Wert Ihrer Immobilie unter Ber\u00fccksichtigung aller wertrelevanten Faktoren. Auch bei der Vermarktung Ihrer Immobilie steigert unser Gutachten die Erfolgsaussichten. Der Kaufinteressent bekommt Transparenz und Sicherheit. Letztendlich dient unser Verkehrswertgutachten auch bei der Kaufpreisverhandlung als sachliche Grundlage.<\/p>\n<h4><strong>Verkehrswertgutachten bei Erbschaft und Schenkung<\/strong><\/h4>\n<p>In F\u00e4llen, in denen eine Immobilie oder ein Grundst\u00fcck Bestandteil einer Erbschaft oder Schenkung ist, bittet das Finanzamt die Erben und Beschenkten \u00fcber die Erbschaftssteuer bzw. Schenkungssteuer zur Kasse. Die H\u00f6he der zu zahlenden Steuer richtet sich nach dem Verkehrswert (Marktwert) der \u00fcbertragenen Immobilie oder Grundst\u00fccks. Die Ermittlung des Wertes wird vom Finanzamt anhand eines einfachen Standardverfahrens vorgenommen. Meistens ist der so pauschal vom Finanzamt ermittelte Verkehrswert deutlich h\u00f6her als der tats\u00e4chliche. Damit f\u00e4llt auch gleichzeitig die f\u00e4llige Steuer h\u00f6her aus als notwendig.<br \/>\nGeben Sie sich mit der Bewertung des Finanzamtes nicht zufrieden. Wir berechnen f\u00fcr Sie den tats\u00e4chlichen Verkehrswert (Marktwert) Ihrer Immobilie.<\/p>\n<h4><strong>Verkehrswertgutachten f\u00fcr Bilanzierungszwecke<\/strong><\/h4>\n<p>B\u00f6rsennotierte Unternehmen in der Europ\u00e4ischen Union m\u00fcssen ihre Jahresabschl\u00fcsse nach den Grunds\u00e4tzen der IAS (= International Accounting Standards) oder IFRS (=International Financial Reporting Standards) erstellen. Nach IAS 16 \u00a7 31 ist f\u00fcr die Bilanzierung der beizulegende Zeitwert (Fair Value) von Grundst\u00fccken und Geb\u00e4uden anzugeben. Der Verkehrswert ist ein Marktwert und materiell identisch mit dem beizulegenden Zeitwert. F\u00fcr solche Bewertungen bieten wir Ihnen die notwendige Bewertungsexpertise.<\/p>\n<h4><\/h4>\n<h4>Bewertung von:<\/h4>\n<h5>Wohnimmobilien<\/h5>\n<p>Ein- und Zweifamilienh\u00e4user<br \/>\nDoppel- und Reihenh\u00e4user<br \/>\nEigentumswohnungen<br \/>\nMehrfamilienh\u00e4user<br \/>\nWohnbl\u00f6cke<br \/>\nHochh\u00e4user<br \/>\nund weitere Wohnimmobilien<\/p>\n<h5>Gewerbeimmobilien<\/h5>\n<p>B\u00fcros<br \/>\nHandel- und Dienstleistungsfl\u00e4chen<br \/>\nProduktionsfl\u00e4chen und Werkst\u00e4tten<br \/>\nLogistik- und Hallenfl\u00e4chen<br \/>\nund weitere Gewerbeimmobilien<\/p>\n<h5>Sonderimmobilien<\/h5>\n<p>Schulen<br \/>\nHotels<br \/>\nAlters- und Seniorenwohnheime<br \/>\nGastronomiebetriebe<br \/>\nEinkaufszentren<br \/>\nFreizeit- und Sporteinrichtungen<br \/>\nFerienobjekte<br \/>\nund weitere Sonderimmobilien<\/p>\n<h5>Unbebaute Grundst\u00fccke<\/h5>\n<p>Fl\u00e4chen im Au\u00dfenbereich<br \/>\nAcker- und Gr\u00fcnland<br \/>\nSeen<br \/>\nBauerwartungsland<br \/>\nRohbauland<br \/>\nBaureifes Land<br \/>\nund weitere unbebaute Grundst\u00fccke<\/p>\n<h5>Mietwertgutachten<\/h5>\n<p>in:<\/p>\n<h6>Halle, Leipzig, Jena, Dessau-Ro\u00dflau, Landkreis Mansfeld-S\u00fcdharz, Saalekreis, Burgenlandkreis, Anhalt-Bitterfeld, Salzlandkreis, Nordsachsen, Nordhausen, S\u00f6mmerda, Weimar, Weimarer Land, Saale-Holzland-Kreis, Gera, Greiz und Altenburger Land<\/h6>\n","protected":false},"excerpt":{"rendered":"<p>Ob Immobilienkauf, Verkauf, Erbschaftssteuer, Scheidung oder f\u00fcr Bilanzierungszwecke \u2013 Bei uns erhalten Sie Verkehrswertgutachten nach gesetzlichen Vorgaben und anerkannten Grunds\u00e4tzen. Verkehrswertgutachten bei Kauf einer Immobilie Mit einem von uns erstellten Verkehrswertgutachten k\u00f6nnen Sie feststellen, ob der angebotene Kaufpreis der Immobilie angemessen ist und welche Sanierungsma\u00dfnahmen in naher Zukunft auf Sie zukommen. So k\u00f6nnen Sie sich [&hellip;]<\/p>\n","protected":false},"author":1,"featured_media":0,"parent":0,"menu_order":0,"comment_status":"closed","ping_status":"closed","template":"","meta":{"footnotes":""},"class_list":["post-80","page","type-page","status-publish","hentry"],"aioseo_notices":[],"_links":{"self":[{"href":"https:\/\/immobilienbewertung-dueben.de\/index.php?rest_route=\/wp\/v2\/pages\/80","targetHints":{"allow":["GET"]}}],"collection":[{"href":"https:\/\/immobilienbewertung-dueben.de\/index.php?rest_route=\/wp\/v2\/pages"}],"about":[{"href":"https:\/\/immobilienbewertung-dueben.de\/index.php?rest_route=\/wp\/v2\/types\/page"}],"author":[{"embeddable":true,"href":"https:\/\/immobilienbewertung-dueben.de\/index.php?rest_route=\/wp\/v2\/users\/1"}],"replies":[{"embeddable":true,"href":"https:\/\/immobilienbewertung-dueben.de\/index.php?rest_route=%2Fwp%2Fv2%2Fcomments&post=80"}],"version-history":[{"count":5,"href":"https:\/\/immobilienbewertung-dueben.de\/index.php?rest_route=\/wp\/v2\/pages\/80\/revisions"}],"predecessor-version":[{"id":139,"href":"https:\/\/immobilienbewertung-dueben.de\/index.php?rest_route=\/wp\/v2\/pages\/80\/revisions\/139"}],"wp:attachment":[{"href":"https:\/\/immobilienbewertung-dueben.de\/index.php?rest_route=%2Fwp%2Fv2%2Fmedia&parent=80"}],"curies":[{"name":"wp","href":"https:\/\/api.w.org\/{rel}","templated":true}]}}